{"id":278,"date":"2023-06-23T02:30:06","date_gmt":"2023-06-23T02:30:06","guid":{"rendered":"https:\/\/www.pabonrecords.com\/?page_id=278"},"modified":"2023-07-23T03:28:53","modified_gmt":"2023-07-23T03:28:53","slug":"actulamente","status":"publish","type":"page","link":"https:\/\/www.pabonrecords.com\/index.php\/inicio\/actulamente\/","title":{"rendered":"ACTUALMENTE"},"content":{"rendered":"<p>[et_pb_section fb_built=\u00bb1&#8243; fullwidth=\u00bbon\u00bb _builder_version=\u00bb4.21.0&#8243; _module_preset=\u00bbdefault\u00bb background_color=\u00bb#0c0c0c\u00bb background_enable_pattern_style=\u00bbon\u00bb background_pattern_style=\u00bbinverted-chevrons\u00bb background_pattern_color=\u00bbrgba(224,153,0,0.09)\u00bb background_pattern_size=\u00bbcustom\u00bb background_pattern_width=\u00bb689px\u00bb background_pattern_height=\u00bb184px\u00bb global_colors_info=\u00bb{}\u00bb][\/et_pb_section][et_pb_section fb_built=\u00bb1&#8243; admin_label=\u00bbHeader\u00bb _builder_version=\u00bb4.21.0&#8243; _module_preset=\u00bbdefault\u00bb background_color=\u00bbgcid-8020c5c5-3063-43d3-92c5-9fcdd948cb76&#8243; custom_padding=\u00bb||0px||false|false\u00bb locked=\u00bboff\u00bb collapsed=\u00bbon\u00bb global_colors_info=\u00bb{%22gcid-8020c5c5-3063-43d3-92c5-9fcdd948cb76%22:%91%22background_color%22%93}\u00bb][et_pb_row _builder_version=\u00bb4.21.0&#8243; _module_preset=\u00bbdefault\u00bb max_width=\u00bb700px\u00bb module_alignment=\u00bbcenter\u00bb global_colors_info=\u00bb{}\u00bb][et_pb_column type=\u00bb4_4&#8243; _builder_version=\u00bb4.21.0&#8243; _module_preset=\u00bbdefault\u00bb global_colors_info=\u00bb{}\u00bb][et_pb_text _builder_version=\u00bb4.21.0&#8243; _module_preset=\u00bb3478c1f2-f1cc-4571-babe-07ec55585c81&#8243; header_font=\u00bbAudiowide|500|||||||\u00bb header_text_color=\u00bbgcid-266ba876-53e9-43d2-8326-b935293de15e\u00bb header_font_size=\u00bb66px\u00bb text_orientation=\u00bbcenter\u00bb custom_margin=\u00bb||10px||false|false\u00bb global_colors_info=\u00bb{%22gcid-266ba876-53e9-43d2-8326-b935293de15e%22:%91%22header_text_color%22%93}\u00bb]<\/p>\n<h1>EN QUE ESTAMOS<\/h1>\n<p>[\/et_pb_text][et_pb_text _builder_version=\u00bb4.21.0&#8243; _module_preset=\u00bbb0f3bdb4-68ed-4e05-a2b3-d32dbdbf60c3&#8243; text_text_color=\u00bbrgba(255,255,255,0.7)\u00bb text_orientation=\u00bbcenter\u00bb global_colors_info=\u00bb{}\u00bb]<\/p>\n<p><span>Explora nuestros servicios de dise\u00f1o y publicidad a trav\u00e9s de nuestras mas recientes publicaciones<\/span><\/p>\n<p>[\/et_pb_text][\/et_pb_column][\/et_pb_row][\/et_pb_section][et_pb_section fb_built=\u00bb1&#8243; disabled_on=\u00bbon|on|on\u00bb admin_label=\u00bbAbout\u00bb _builder_version=\u00bb4.21.0&#8243; _module_preset=\u00bbdefault\u00bb background_color=\u00bbgcid-8020c5c5-3063-43d3-92c5-9fcdd948cb76&#8243; use_background_color_gradient=\u00bbon\u00bb background_color_gradient_type=\u00bbcircular\u00bb background_color_gradient_direction_radial=\u00bbright\u00bb background_color_gradient_stops=\u00bb#e09900 0%|rgba(255,255,255,0) 25%\u00bb disabled=\u00bbon\u00bb locked=\u00bboff\u00bb collapsed=\u00bbon\u00bb global_colors_info=\u00bb{%22gcid-8020c5c5-3063-43d3-92c5-9fcdd948cb76%22:%91%22background_color%22%93}\u00bb][et_pb_row column_structure=\u00bb1_3,1_3,1_3&#8243; make_equal=\u00bbon\u00bb _builder_version=\u00bb4.21.0&#8243; _module_preset=\u00bbdefault\u00bb global_colors_info=\u00bb{}\u00bb][et_pb_column type=\u00bb1_3&#8243; _builder_version=\u00bb4.21.0&#8243; _module_preset=\u00bbdefault\u00bb global_colors_info=\u00bb{}\u00bb][et_pb_text _builder_version=\u00bb4.21.0&#8243; _module_preset=\u00bbf7ef7780-f345-45bd-a9eb-5f1a1c349b4e\u00bb header_2_text_color=\u00bb#FFFFFF\u00bb header_2_font_size=\u00bb40px\u00bb global_colors_info=\u00bb{}\u00bb]<\/p>\n<h2><span>EXTASIS: Una Experiencia Musical y Visual en El Tabl\u00f3n Panamericano, Nari\u00f1o<\/span><\/h2>\n<p>[\/et_pb_text][et_pb_text _builder_version=\u00bb4.21.0&#8243; _module_preset=\u00bb0fa4098f-797c-4b59-8d8b-8d363fe1dde0&#8243; header_5_text_color=\u00bb#FFFFFF\u00bb header_5_font_size=\u00bb17px\u00bb global_colors_info=\u00bb{}\u00bb]<\/p>\n<h5><span>La agrupaci\u00f3n EXTASIS es anfitri\u00f3n de una bella producci\u00f3n audiovisual, en la exquisita locaci\u00f3n ubicada en El Tabl\u00f3n Panamericano, Nari\u00f1o, muy cerca de Taminango, en donde su clima y paisaje se complementa con el talento femenino de Jeimy, Angela, Margareth, Camila. Nathaly y Neidy quien es la propietaria de esta exitosa agrupaci\u00f3n.<\/span><\/h5>\n<p>[\/et_pb_text][\/et_pb_column][et_pb_column type=\u00bb1_3&#8243; _builder_version=\u00bb4.21.0&#8243; _module_preset=\u00bbdefault\u00bb global_colors_info=\u00bb{}\u00bb][et_pb_gallery gallery_ids=\u00bb562,569,563,557,552,555,558,559,553,574,570,573,575,571,572,554,566,560,561,564,556,565,567,568,576,577&#8243; posts_number=\u00bb3&#8243; show_title_and_caption=\u00bboff\u00bb show_pagination=\u00bboff\u00bb zoom_icon_color=\u00bb#0a0000&#8243; hover_overlay_color=\u00bbrgba(224,153,0,0.21)\u00bb hover_icon=\u00bb&#x30;||divi||400&#8243; _builder_version=\u00bb4.21.0&#8243; _module_preset=\u00bbdefault\u00bb module_alignment=\u00bbcenter\u00bb custom_margin=\u00bb0px||||false|false\u00bb custom_padding=\u00bb|||1px|false|false\u00bb border_radii_image=\u00bbon|13px|13px|13px|13px\u00bb border_color_all_image=\u00bbRGBA(255,255,255,0)\u00bb global_colors_info=\u00bb{}\u00bb][\/et_pb_gallery][\/et_pb_column][et_pb_column type=\u00bb1_3&#8243; _builder_version=\u00bb4.21.0&#8243; _module_preset=\u00bbdefault\u00bb global_colors_info=\u00bb{}\u00bb][et_pb_text _builder_version=\u00bb4.21.0&#8243; _module_preset=\u00bbb0f3bdb4-68ed-4e05-a2b3-d32dbdbf60c3&#8243; text_text_color=\u00bb#FFFFFF\u00bb text_font_size=\u00bb14px\u00bb global_colors_info=\u00bb{}\u00bb]<\/p>\n<p><span>Un cover \u201cTE JURO QUE TE AMO\u201d ha sido regrabado con estas frescas voces y su carism\u00e1tico baile nos invitan a que este producto se imperdible para su inter\u00e9s. Compartimos algunas fotograf\u00edas de esta bell\u00edsima experiencia, esperando que en adelante podamos fortalecer esta propicia relaci\u00f3n de trabajo.<\/span><\/p>\n<p>[\/et_pb_text][et_pb_blurb use_icon=\u00bbon\u00bb font_icon=\u00bb&#x4e;||divi||400&#8243; _builder_version=\u00bb4.21.0&#8243; _module_preset=\u00bba1cbe371-6c4c-4703-8a6f-2036da07055e\u00bb custom_margin=\u00bb||8px||false|false\u00bb global_colors_info=\u00bb{}\u00bb]<\/p>\n<p><span>No se pierdan el video clip. TE JURO QUE TE AMOS en nuestras redes sociales. YOUTUBE, FACEBOOK,\u00a0INSTAGRAM.\u00bb<\/span><\/p>\n<p>[\/et_pb_blurb][\/et_pb_column][\/et_pb_row][\/et_pb_section][et_pb_section fb_built=\u00bb1&#8243; disabled_on=\u00bboff|off|off\u00bb admin_label=\u00bbAbout\u00bb _builder_version=\u00bb4.21.0&#8243; _module_preset=\u00bbdefault\u00bb background_color=\u00bbgcid-8020c5c5-3063-43d3-92c5-9fcdd948cb76&#8243; use_background_color_gradient=\u00bbon\u00bb background_color_gradient_type=\u00bbcircular\u00bb background_color_gradient_stops=\u00bb#e09900 0%|rgba(255,255,255,0) 25%\u00bb hover_enabled=\u00bb0&#8243; locked=\u00bboff\u00bb collapsed=\u00bbon\u00bb global_colors_info=\u00bb{%22gcid-8020c5c5-3063-43d3-92c5-9fcdd948cb76%22:%91%22background_color%22%93}\u00bb sticky_enabled=\u00bb0&#8243;][et_pb_row column_structure=\u00bb1_3,1_3,1_3&#8243; make_equal=\u00bbon\u00bb _builder_version=\u00bb4.21.0&#8243; _module_preset=\u00bbdefault\u00bb global_colors_info=\u00bb{}\u00bb][et_pb_column type=\u00bb1_3&#8243; _builder_version=\u00bb4.21.0&#8243; _module_preset=\u00bbdefault\u00bb global_colors_info=\u00bb{}\u00bb][et_pb_text _builder_version=\u00bb4.21.0&#8243; _module_preset=\u00bbf7ef7780-f345-45bd-a9eb-5f1a1c349b4e\u00bb header_2_text_color=\u00bb#FFFFFF\u00bb header_2_font_size=\u00bb40px\u00bb global_colors_info=\u00bb{}\u00bb]<\/p>\n<h2><span>30 A\u00d1OS DE LA SUPREMA CORTE: Una orquesta de salsa, legendaria y sello del genero en el mundo entero.\u00a0<\/span><\/h2>\n<p>[\/et_pb_text][et_pb_text _builder_version=\u00bb4.21.0&#8243; _module_preset=\u00bb0fa4098f-797c-4b59-8d8b-8d363fe1dde0&#8243; header_5_text_color=\u00bb#FFFFFF\u00bb header_5_font_size=\u00bb17px\u00bb global_colors_info=\u00bb{}\u00bb]<\/p>\n<h5><span>La ciudad de Cali Colombia Es el epicentro de grandiosas obras del genero musical de la salsa, que retumban en cada rinc\u00f3n de todo el mundo. esta vez la protagonista es LA SUPREMA CORTE, la cual ha presentado un grandioso concierto live, con 15 inolvidables piezas, concierto llevado a cabo en LA CANTINA DE VICENTE, espacio adecuado para una presentacion de esta magnitud.<\/span><\/h5>\n<p><span><\/span><\/p>\n<h5><span>Edmar Pab\u00f3n, director de c\u00e1maras.<\/span><\/h5>\n<h5><span>Andr\u00e9s Martines, asistente log\u00edstico.<\/span><\/h5>\n<h5><span>Luis Latino, c\u00e1mara 3.<\/span><\/h5>\n<h5><span>Carlos Tabares, c\u00e1mara 4.\u00a0<\/span><\/h5>\n<p>[\/et_pb_text][\/et_pb_column][et_pb_column type=\u00bb1_3&#8243; _builder_version=\u00bb4.21.0&#8243; _module_preset=\u00bbdefault\u00bb global_colors_info=\u00bb{}\u00bb][et_pb_gallery gallery_ids=\u00bb729,730,731,728,727,726,725,724,723,722,721,720,719,717,716,715,714,713,711,710,709,708,707,706,705,704,703,702,701,700,699,697,696,695,693,691,689,687,685,683,682,681,679,677,675,673,672&#8243; posts_number=\u00bb3&#8243; show_title_and_caption=\u00bboff\u00bb show_pagination=\u00bboff\u00bb zoom_icon_color=\u00bb#0a0000&#8243; hover_overlay_color=\u00bbrgba(224,153,0,0.21)\u00bb hover_icon=\u00bb&#x30;||divi||400&#8243; _builder_version=\u00bb4.21.0&#8243; _module_preset=\u00bbdefault\u00bb module_alignment=\u00bbcenter\u00bb custom_margin=\u00bb0px||||false|false\u00bb custom_padding=\u00bb|||1px|false|false\u00bb hover_enabled=\u00bb0&#8243; border_radii_image=\u00bbon|13px|13px|13px|13px\u00bb border_color_all_image=\u00bbRGBA(255,255,255,0)\u00bb global_colors_info=\u00bb{}\u00bb sticky_enabled=\u00bb0&#8243;][\/et_pb_gallery][\/et_pb_column][et_pb_column type=\u00bb1_3&#8243; _builder_version=\u00bb4.21.0&#8243; _module_preset=\u00bbdefault\u00bb global_colors_info=\u00bb{}\u00bb][et_pb_text _builder_version=\u00bb4.21.0&#8243; _module_preset=\u00bbb0f3bdb4-68ed-4e05-a2b3-d32dbdbf60c3&#8243; text_text_color=\u00bb#FFFFFF\u00bb text_font_size=\u00bb14px\u00bb hover_enabled=\u00bb0&#8243; global_colors_info=\u00bb{}\u00bb sticky_enabled=\u00bb0&#8243;]<\/p>\n<p><span>Tuvimos el honor y el placer de hacer parte desde la de grabaci\u00f3n de video, en EL CONCIERTO LIVE con 15 cortes, los cuales son la firma y estan grabados en la memoria de todos los que conocen a \u00abLA SUPREMA CORTE\u00bb, El motivo la celebraci\u00f3n de los 30 a\u00f1os de vida art\u00edstica engalanando el genero. Con la participaci\u00f3n de invitados especiales como: BETO KAL\u00c9, JIMMY SAA, WILLY GARCIA, ELVIS MAGNO, MARINO LUIS, JUNIOR SAA, HERNAN CUERO. Una invitacion de DISCOS LAGS Disquera encargada de la producci\u00f3n general de esta obra que quedar\u00e1 para la historia.\u00a0<\/span><\/p>\n<p>[\/et_pb_text][et_pb_blurb use_icon=\u00bbon\u00bb font_icon=\u00bb&#x4e;||divi||400&#8243; _builder_version=\u00bb4.21.0&#8243; _module_preset=\u00bba1cbe371-6c4c-4703-8a6f-2036da07055e\u00bb custom_margin=\u00bb||8px||false|false\u00bb hover_enabled=\u00bb0&#8243; global_colors_info=\u00bb{}\u00bb sticky_enabled=\u00bb0&#8243;]<\/p>\n<p><span>No se pierdan este momorable concierto live. 30 A\u00d1OS DE LA SUPREMA CORTE en el canal oficial de DISCOS LAGS.<\/span><\/p>\n<p>[\/et_pb_blurb][\/et_pb_column][\/et_pb_row][\/et_pb_section][et_pb_section fb_built=\u00bb1&#8243; disabled_on=\u00bbon|on|on\u00bb admin_label=\u00bbAbout\u00bb _builder_version=\u00bb4.21.0&#8243; _module_preset=\u00bbdefault\u00bb background_color=\u00bbgcid-8020c5c5-3063-43d3-92c5-9fcdd948cb76&#8243; use_background_color_gradient=\u00bbon\u00bb background_color_gradient_type=\u00bbcircular\u00bb background_color_gradient_stops=\u00bb#e09900 0%|rgba(255,255,255,0) 25%\u00bb disabled=\u00bbon\u00bb locked=\u00bboff\u00bb collapsed=\u00bbon\u00bb global_colors_info=\u00bb{%22gcid-8020c5c5-3063-43d3-92c5-9fcdd948cb76%22:%91%22background_color%22%93}\u00bb][et_pb_row column_structure=\u00bb1_2,1_2&#8243; make_equal=\u00bbon\u00bb _builder_version=\u00bb4.21.0&#8243; _module_preset=\u00bbdefault\u00bb global_colors_info=\u00bb{}\u00bb][et_pb_column type=\u00bb1_2&#8243; _builder_version=\u00bb4.21.0&#8243; _module_preset=\u00bbdefault\u00bb global_colors_info=\u00bb{}\u00bb][et_pb_text _builder_version=\u00bb4.21.0&#8243; _module_preset=\u00bbf7ef7780-f345-45bd-a9eb-5f1a1c349b4e\u00bb header_2_text_color=\u00bb#FFFFFF\u00bb header_2_font_size=\u00bb40px\u00bb global_colors_info=\u00bb{}\u00bb]<\/p>\n<h2><span>EXTASIS: Una Experiencia Musical y Visual en El Tabl\u00f3n Panamericano, Nari\u00f1o<\/span><\/h2>\n<p>[\/et_pb_text][et_pb_text _builder_version=\u00bb4.21.0&#8243; _module_preset=\u00bb0fa4098f-797c-4b59-8d8b-8d363fe1dde0&#8243; header_5_text_color=\u00bb#FFFFFF\u00bb header_5_font_size=\u00bb17px\u00bb global_colors_info=\u00bb{}\u00bb]<\/p>\n<h5><span>La agrupaci\u00f3n EXTASIS es anfitri\u00f3n de una bella producci\u00f3n audiovisual, en la exquisita locaci\u00f3n ubicada en El Tabl\u00f3n Panamericano, Nari\u00f1o, muy cerca de Taminango, en donde su clima y paisaje se complementa con el talento femenino de Jeimy, Angela, Margareth, Camila. Nathaly y Neidy quien es la propietaria de esta exitosa agrupaci\u00f3n.<\/span><\/h5>\n<p>[\/et_pb_text][et_pb_text _builder_version=\u00bb4.21.0&#8243; _module_preset=\u00bbb0f3bdb4-68ed-4e05-a2b3-d32dbdbf60c3&#8243; text_text_color=\u00bb#FFFFFF\u00bb text_font_size=\u00bb14px\u00bb global_colors_info=\u00bb{}\u00bb]<\/p>\n<p><span>Un cover \u201cTE JURO QUE TE AMO\u201d ha sido regrabado con estas frescas voces y su carism\u00e1tico baile nos invitan a que este producto se imperdible para su inter\u00e9s. Compartimos algunas fotograf\u00edas de esta bell\u00edsima experiencia, esperando que en adelante podamos fortalecer esta propicia relaci\u00f3n de trabajo.<\/span><\/p>\n<p>[\/et_pb_text][et_pb_blurb use_icon=\u00bbon\u00bb font_icon=\u00bb&#x4e;||divi||400&#8243; _builder_version=\u00bb4.21.0&#8243; _module_preset=\u00bba1cbe371-6c4c-4703-8a6f-2036da07055e\u00bb custom_margin=\u00bb||8px||false|false\u00bb global_colors_info=\u00bb{}\u00bb]<\/p>\n<p><span>No se pierdan el video clip. TE JURO QUE TE AMOS en nuestras redes sociales. YOUTUBE, FACEBOOK,\u00a0INSTAGRAM.\u00bb<\/span><\/p>\n<p>[\/et_pb_blurb][\/et_pb_column][et_pb_column type=\u00bb1_2&#8243; _builder_version=\u00bb4.21.0&#8243; _module_preset=\u00bbdefault\u00bb global_colors_info=\u00bb{}\u00bb][et_pb_gallery gallery_ids=\u00bb562,569,563,557,552,555,558,559,553,574,570,573,575,571,572,554,566,560,561,564,556,565,567,568,576,577&#8243; show_title_and_caption=\u00bboff\u00bb show_pagination=\u00bboff\u00bb zoom_icon_color=\u00bb#0a0000&#8243; hover_overlay_color=\u00bbrgba(224,153,0,0.21)\u00bb hover_icon=\u00bb&#x30;||divi||400&#8243; _builder_version=\u00bb4.21.0&#8243; _module_preset=\u00bbdefault\u00bb module_alignment=\u00bbcenter\u00bb custom_margin=\u00bb0px||||false|false\u00bb custom_padding=\u00bb|||1px|false|false\u00bb border_radii_image=\u00bbon|13px|13px|13px|13px\u00bb border_color_all_image=\u00bbRGBA(255,255,255,0)\u00bb global_colors_info=\u00bb{}\u00bb][\/et_pb_gallery][\/et_pb_column][\/et_pb_row][\/et_pb_section][et_pb_section fb_built=\u00bb1&#8243; admin_label=\u00bbAbout\u00bb _builder_version=\u00bb4.21.0&#8243; _module_preset=\u00bbdefault\u00bb background_color=\u00bbgcid-8020c5c5-3063-43d3-92c5-9fcdd948cb76&#8243; use_background_color_gradient=\u00bbon\u00bb background_color_gradient_type=\u00bbcircular\u00bb background_color_gradient_direction_radial=\u00bbleft\u00bb background_color_gradient_stops=\u00bb#e09900 0%|rgba(255,255,255,0) 25%\u00bb locked=\u00bboff\u00bb collapsed=\u00bbon\u00bb global_colors_info=\u00bb{%22gcid-8020c5c5-3063-43d3-92c5-9fcdd948cb76%22:%91%22background_color%22%93}\u00bb][et_pb_row column_structure=\u00bb1_2,1_2&#8243; make_equal=\u00bbon\u00bb _builder_version=\u00bb4.21.0&#8243; _module_preset=\u00bbdefault\u00bb global_colors_info=\u00bb{}\u00bb][et_pb_column type=\u00bb1_2&#8243; _builder_version=\u00bb4.21.0&#8243; _module_preset=\u00bbdefault\u00bb global_colors_info=\u00bb{}\u00bb][et_pb_gallery gallery_ids=\u00bb562,569,563,557,552,555,558,559,553,574,570,573,575,571,572,554,566,560,561,564,556,565,567,568,576,577&#8243; show_title_and_caption=\u00bboff\u00bb show_pagination=\u00bboff\u00bb zoom_icon_color=\u00bb#0a0000&#8243; hover_overlay_color=\u00bbrgba(224,153,0,0.21)\u00bb hover_icon=\u00bb&#x30;||divi||400&#8243; _builder_version=\u00bb4.21.0&#8243; _module_preset=\u00bbdefault\u00bb module_alignment=\u00bbcenter\u00bb custom_margin=\u00bb0px||||false|false\u00bb custom_padding=\u00bb|||1px|false|false\u00bb border_radii_image=\u00bbon|13px|13px|13px|13px\u00bb border_color_all_image=\u00bbRGBA(255,255,255,0)\u00bb global_colors_info=\u00bb{}\u00bb][\/et_pb_gallery][\/et_pb_column][et_pb_column type=\u00bb1_2&#8243; _builder_version=\u00bb4.21.0&#8243; _module_preset=\u00bbdefault\u00bb global_colors_info=\u00bb{}\u00bb][et_pb_text _builder_version=\u00bb4.21.0&#8243; _module_preset=\u00bbf7ef7780-f345-45bd-a9eb-5f1a1c349b4e\u00bb header_2_text_color=\u00bb#FFFFFF\u00bb header_2_font_size=\u00bb40px\u00bb global_colors_info=\u00bb{}\u00bb]<\/p>\n<h2><span>EXTASIS: Una Experiencia Musical y Visual en El Tabl\u00f3n Panamericano, Nari\u00f1o<\/span><\/h2>\n<p>[\/et_pb_text][et_pb_text _builder_version=\u00bb4.21.0&#8243; _module_preset=\u00bb0fa4098f-797c-4b59-8d8b-8d363fe1dde0&#8243; header_5_text_color=\u00bb#FFFFFF\u00bb header_5_font_size=\u00bb17px\u00bb global_colors_info=\u00bb{}\u00bb]<\/p>\n<h5><span>La agrupaci\u00f3n EXTASIS es anfitri\u00f3n de una bella producci\u00f3n audiovisual, en la exquisita locaci\u00f3n ubicada en El Tabl\u00f3n Panamericano, Nari\u00f1o, muy cerca de Taminango, en donde su clima y paisaje se complementa con el talento femenino de Jeimy, Angela, Margareth, Camila. Nathaly y Neidy quien es la propietaria de esta exitosa agrupaci\u00f3n.<\/span><\/h5>\n<p>[\/et_pb_text][et_pb_text _builder_version=\u00bb4.21.0&#8243; _module_preset=\u00bbb0f3bdb4-68ed-4e05-a2b3-d32dbdbf60c3&#8243; text_text_color=\u00bb#FFFFFF\u00bb text_font_size=\u00bb14px\u00bb global_colors_info=\u00bb{}\u00bb]<\/p>\n<p><span>Un cover \u201cTE JURO QUE TE AMO\u201d ha sido regrabado con estas frescas voces y su carism\u00e1tico baile nos invitan a que este producto se imperdible para su inter\u00e9s. Compartimos algunas fotograf\u00edas de esta bell\u00edsima experiencia, esperando que en adelante podamos fortalecer esta propicia relaci\u00f3n de trabajo.<\/span><\/p>\n<p>[\/et_pb_text][et_pb_blurb use_icon=\u00bbon\u00bb font_icon=\u00bb&#x4e;||divi||400&#8243; _builder_version=\u00bb4.21.0&#8243; _module_preset=\u00bba1cbe371-6c4c-4703-8a6f-2036da07055e\u00bb custom_margin=\u00bb||8px||false|false\u00bb global_colors_info=\u00bb{}\u00bb]<\/p>\n<p><span>No se pierdan el video clip. TE JURO QUE TE AMOS en nuestras redes sociales. YOUTUBE, FACEBOOK,\u00a0INSTAGRAM.\u00bb<\/span><\/p>\n<p>[\/et_pb_blurb][\/et_pb_column][\/et_pb_row][\/et_pb_section]<\/p>\n","protected":false},"excerpt":{"rendered":"<p>EN QUE ESTAMOSExplora nuestros servicios de dise\u00f1o y publicidad a trav\u00e9s de nuestras mas recientes publicacionesEXTASIS: Una Experiencia Musical y Visual en El Tabl\u00f3n Panamericano, Nari\u00f1oLa agrupaci\u00f3n EXTASIS es anfitri\u00f3n de una bella producci\u00f3n audiovisual, en la exquisita locaci\u00f3n ubicada en El Tabl\u00f3n Panamericano, Nari\u00f1o, muy cerca de Taminango, en donde su clima y paisaje [&hellip;]<\/p>\n","protected":false},"author":1,"featured_media":0,"parent":5,"menu_order":0,"comment_status":"closed","ping_status":"closed","template":"","meta":{"_et_pb_use_builder":"on","_et_pb_old_content":"","_et_gb_content_width":"","_monsterinsights_skip_tracking":false,"_monsterinsights_sitenote_active":false,"_monsterinsights_sitenote_note":"","_monsterinsights_sitenote_category":0,"footnotes":""},"class_list":["post-278","page","type-page","status-publish","hentry"],"_links":{"self":[{"href":"https:\/\/www.pabonrecords.com\/index.php\/wp-json\/wp\/v2\/pages\/278","targetHints":{"allow":["GET"]}}],"collection":[{"href":"https:\/\/www.pabonrecords.com\/index.php\/wp-json\/wp\/v2\/pages"}],"about":[{"href":"https:\/\/www.pabonrecords.com\/index.php\/wp-json\/wp\/v2\/types\/page"}],"author":[{"embeddable":true,"href":"https:\/\/www.pabonrecords.com\/index.php\/wp-json\/wp\/v2\/users\/1"}],"replies":[{"embeddable":true,"href":"https:\/\/www.pabonrecords.com\/index.php\/wp-json\/wp\/v2\/comments?post=278"}],"version-history":[{"count":39,"href":"https:\/\/www.pabonrecords.com\/index.php\/wp-json\/wp\/v2\/pages\/278\/revisions"}],"predecessor-version":[{"id":740,"href":"https:\/\/www.pabonrecords.com\/index.php\/wp-json\/wp\/v2\/pages\/278\/revisions\/740"}],"up":[{"embeddable":true,"href":"https:\/\/www.pabonrecords.com\/index.php\/wp-json\/wp\/v2\/pages\/5"}],"wp:attachment":[{"href":"https:\/\/www.pabonrecords.com\/index.php\/wp-json\/wp\/v2\/media?parent=278"}],"curies":[{"name":"wp","href":"https:\/\/api.w.org\/{rel}","templated":true}]}}