{"id":314,"date":"2023-06-26T13:06:30","date_gmt":"2023-06-26T13:06:30","guid":{"rendered":"https:\/\/www.pabonrecords.com\/?page_id=314"},"modified":"2023-07-21T19:15:13","modified_gmt":"2023-07-21T19:15:13","slug":"nuestros-clientes","status":"publish","type":"page","link":"https:\/\/www.pabonrecords.com\/index.php\/inicio\/nuestros-clientes\/","title":{"rendered":"NUESTROS CLIENTES"},"content":{"rendered":"<p>[et_pb_section fb_built=\u00bb1&#8243; fullwidth=\u00bbon\u00bb _builder_version=\u00bb4.21.0&#8243; _module_preset=\u00bbdefault\u00bb background_color=\u00bb#0c0c0c\u00bb background_enable_pattern_style=\u00bbon\u00bb background_pattern_style=\u00bbinverted-chevrons\u00bb background_pattern_color=\u00bbrgba(224,153,0,0.09)\u00bb background_pattern_size=\u00bbcustom\u00bb background_pattern_width=\u00bb689px\u00bb background_pattern_height=\u00bb184px\u00bb custom_css_main_element=\u00bb\/*Ocultamos el t\u00edtulo de la imagen y el efecto de superposici\u00f3n por defecto*\/|| .et_pb_gallery_item h3,|| .et_overlay {|| display: none;|| }|| \/*Establecemos la posici\u00f3n y el tama\u00f1o de las im\u00e1genes y a\u00f1adimos un p\u00edxel|| extra para deshacernos del espacio en blanco entre las im\u00e1genes*\/|| .et_pb_gallery_grid .et_pb_gallery_image {|| position: absolute;|| width: calc(100% + 1px) !important;|| }|| .et_pb_gallery_caption {|| margin: 0 !important;|| }|| \/*Configuramos el color del texto (blanco aqu\u00ed)*\/|| .et_pb_gallery_caption a {|| color: #fff;|| }|| \/*Establecemos el tama\u00f1o de la fuente del t\u00edtulo y convertimos a may\u00fasculas*\/|| b {|| font-size: 20px;|| text-transform: uppercase;|| }|| \/*Configuramos la posici\u00f3n del texto de subt\u00edtulos de modo que se muestre|| on hover y a\u00f1ada el contorno*\/|| p.et_pb_gallery_caption {|| position: relative;|| background: rgba(0, 0, 0, .5);|| \/*Este es el color de la superposici\u00f3n de imagen cuando estamos sobre ella*\/|| border: none;|| outline: 5px solid rgba(255, 255, 255, .5);|| \/*El color del borde*\/|| outline-offset: -20px;|| \/*Esto mueve el borde un poco desde el exterior*\/|| text-align: center;|| padding: 25% 5%;|| \/*Ajusta el primer valor dependiendo de si usas mas o menos texto*\/|| cursor: pointer;|| opacity: 0;|| \/*Oculta el texto hasta que no pasemos por la imagen*\/|| -webkit-transition: all 1s ease;|| -moz-transition: all 1s ease;|| transition: all 1s ease;|| }|| \/*Muestra el contenido al pasar*\/|| p.et_pb_gallery_caption:hover {|| opacity: 1;|| }|| \/*Media queries: Ajusta estos valores si utilizas m\u00e1s o menos texto *\/|| @media only screen and (max-width:1366px) {|| p.et_pb_gallery_caption {|| padding: 23.7% 5%;|| \/*Adjust the first value if using more or less text*\/|| }|| }|| @media only screen and (max-width:1280px) {|| p.et_pb_gallery_caption {|| padding: 19% 5%;|| \/*Adjust the first value if using more or less text*\/|| }|| }|| @media only screen and (max-width:1024px) {|| p.et_pb_gallery_caption {|| padding: 15% 5%;|| \/*Adjust the first value if using more or less text*\/|| }|| }|| \/*Esto hace que la galer\u00eda se muestre en dos columnas en lugar de tres|| en las tablets en vertical *\/|| @media only screen and (min-width: 768px) and (max-width: 980px) {|| .et_pb_column .et_pb_grid_item:nth-child(2n+1) {|| clear: both !important;|| }|| .et_pb_gutters1 .et_pb_grid_item:nth-child(n) {|| width: 50% !important;|| margin: 0 !important;|| clear: none;|| }|| p.et_pb_gallery_caption {|| padding: 26.5% 5%;|| \/*Ajusta el primer valor si se utiliza m\u00e1s o menos texto *\/|| }|| }|| @media only screen and (max-width: 480px) {|| .et_pb_gallery_grid .et_pb_gallery_image {|| width: 100% !important;|| max-width: 100% !important;|| }|| p.et_pb_gallery_caption {|| padding: 24.8% 5%;|| \/*Ajusta el primer valor si se utiliza m\u00e1s o menos texto *\/|| }|| }|| @media only screen and (max-width: 320px) {|| .et_pb_gallery_grid .et_pb_gallery_image {|| width: 100% !important;|| max-width: 100% !important;|| }|| p.et_pb_gallery_caption {|| padding: 19.4% 5%;|| \/*Ajusta el primer valor si se utiliza m\u00e1s o menos texto *\/|| }|| }\u00bb global_colors_info=\u00bb{}\u00bb][\/et_pb_section][et_pb_section fb_built=\u00bb1&#8243; _builder_version=\u00bb4.21.0&#8243; _module_preset=\u00bbdefault\u00bb hover_enabled=\u00bb0&#8243; global_colors_info=\u00bb{}\u00bb background_color=\u00bb#070707&#8243; sticky_enabled=\u00bb0&#8243;][et_pb_row _builder_version=\u00bb4.21.0&#8243; _module_preset=\u00bbdefault\u00bb column_structure=\u00bb1_5,1_5,1_5,1_5,1_5&#8243; hover_enabled=\u00bb0&#8243; sticky_enabled=\u00bb0&#8243;][et_pb_column _builder_version=\u00bb4.21.0&#8243; _module_preset=\u00bbdefault\u00bb type=\u00bb1_5&#8243;][et_pb_image src=\u00bbhttps:\/\/www.pabonrecords.com\/wp-content\/uploads\/2023\/07\/Sin-titulo-1649-\u00d7-1649-px.png\u00bb _builder_version=\u00bb4.21.0&#8243; _module_preset=\u00bbdefault\u00bb alt=\u00bbPabon Records\u00bb title_text=\u00bbLumidents\u00bb hover_enabled=\u00bb0&#8243; sticky_enabled=\u00bb0&#8243; custom_margin=\u00bb27px||||false|false\u00bb][\/et_pb_image][\/et_pb_column][et_pb_column _builder_version=\u00bb4.21.0&#8243; _module_preset=\u00bbdefault\u00bb type=\u00bb1_5&#8243;][et_pb_image src=\u00bbhttps:\/\/www.pabonrecords.com\/wp-content\/uploads\/2023\/07\/logo-completo.png\u00bb _builder_version=\u00bb4.21.0&#8243; _module_preset=\u00bbdefault\u00bb alt=\u00bbPabon Records &#8211; Casino Pasto Plaza<br \/>\n\u00bb title_text=\u00bbPasto Plaza Casino\u00bb hover_enabled=\u00bb0&#8243; sticky_enabled=\u00bb0&#8243;][\/et_pb_image][\/et_pb_column][et_pb_column _builder_version=\u00bb4.21.0&#8243; _module_preset=\u00bbdefault\u00bb type=\u00bb1_5&#8243;][et_pb_image src=\u00bbhttps:\/\/www.pabonrecords.com\/wp-content\/uploads\/2023\/07\/maxresdefault.jpg\u00bb _builder_version=\u00bb4.21.0&#8243; _module_preset=\u00bbdefault\u00bb title_text=\u00bbmaxresdefault\u00bb hover_enabled=\u00bb0&#8243; sticky_enabled=\u00bb0&#8243; custom_margin=\u00bb33px||||false|false\u00bb][\/et_pb_image][\/et_pb_column][et_pb_column _builder_version=\u00bb4.21.0&#8243; _module_preset=\u00bbdefault\u00bb type=\u00bb1_5&#8243;][et_pb_image src=\u00bbhttps:\/\/www.pabonrecords.com\/wp-content\/uploads\/2023\/07\/logo-batericars-completo.jpg\u00bb _builder_version=\u00bb4.21.0&#8243; _module_preset=\u00bbdefault\u00bb title_text=\u00bblogo batericars completo\u00bb hover_enabled=\u00bb0&#8243; sticky_enabled=\u00bb0&#8243; custom_margin=\u00bb33px||||false|false\u00bb][\/et_pb_image][\/et_pb_column][et_pb_column _builder_version=\u00bb4.21.0&#8243; _module_preset=\u00bbdefault\u00bb type=\u00bb1_5&#8243;][et_pb_image src=\u00bbhttps:\/\/www.pabonrecords.com\/wp-content\/uploads\/2023\/07\/ferreteria-argentina.png\u00bb _builder_version=\u00bb4.21.0&#8243; _module_preset=\u00bbdefault\u00bb title_text=\u00bbferreteria argentina\u00bb hover_enabled=\u00bb0&#8243; sticky_enabled=\u00bb0&#8243;][\/et_pb_image][\/et_pb_column][\/et_pb_row][\/et_pb_section]<\/p>\n","protected":false},"excerpt":{"rendered":"","protected":false},"author":1,"featured_media":0,"parent":5,"menu_order":0,"comment_status":"closed","ping_status":"closed","template":"","meta":{"_et_pb_use_builder":"on","_et_pb_old_content":"","_et_gb_content_width":"","_monsterinsights_skip_tracking":false,"_monsterinsights_sitenote_active":false,"_monsterinsights_sitenote_note":"","_monsterinsights_sitenote_category":0,"footnotes":""},"class_list":["post-314","page","type-page","status-publish","hentry"],"_links":{"self":[{"href":"https:\/\/www.pabonrecords.com\/index.php\/wp-json\/wp\/v2\/pages\/314","targetHints":{"allow":["GET"]}}],"collection":[{"href":"https:\/\/www.pabonrecords.com\/index.php\/wp-json\/wp\/v2\/pages"}],"about":[{"href":"https:\/\/www.pabonrecords.com\/index.php\/wp-json\/wp\/v2\/types\/page"}],"author":[{"embeddable":true,"href":"https:\/\/www.pabonrecords.com\/index.php\/wp-json\/wp\/v2\/users\/1"}],"replies":[{"embeddable":true,"href":"https:\/\/www.pabonrecords.com\/index.php\/wp-json\/wp\/v2\/comments?post=314"}],"version-history":[{"count":18,"href":"https:\/\/www.pabonrecords.com\/index.php\/wp-json\/wp\/v2\/pages\/314\/revisions"}],"predecessor-version":[{"id":649,"href":"https:\/\/www.pabonrecords.com\/index.php\/wp-json\/wp\/v2\/pages\/314\/revisions\/649"}],"up":[{"embeddable":true,"href":"https:\/\/www.pabonrecords.com\/index.php\/wp-json\/wp\/v2\/pages\/5"}],"wp:attachment":[{"href":"https:\/\/www.pabonrecords.com\/index.php\/wp-json\/wp\/v2\/media?parent=314"}],"curies":[{"name":"wp","href":"https:\/\/api.w.org\/{rel}","templated":true}]}}