{"id":5,"date":"2023-06-01T02:03:51","date_gmt":"2023-06-01T02:03:51","guid":{"rendered":"https:\/\/www.pabonrecords.com\/?page_id=5"},"modified":"2023-12-11T23:55:13","modified_gmt":"2023-12-11T23:55:13","slug":"inicio","status":"publish","type":"page","link":"https:\/\/www.pabonrecords.com\/","title":{"rendered":"INICO"},"content":{"rendered":"<p>[et_pb_section fb_built=\u00bb1&#8243; _builder_version=\u00bb4.21.0&#8243; _module_preset=\u00bbdefault\u00bb background_color=\u00bb#050505&#8243; background_enable_image=\u00bboff\u00bb custom_padding=\u00bb0px|0px|0px|0px|false|false\u00bb global_colors_info=\u00bb{}\u00bb][et_pb_row _builder_version=\u00bb4.21.0&#8243; _module_preset=\u00bbdefault\u00bb width=\u00bb100%\u00bb max_width=\u00bb2560px\u00bb custom_padding=\u00bb0px|0px|0px|0px|false|false\u00bb custom_css_main_element=\u00bb.video-container {||  position: relative;||  width: 100%;||  padding-bottom: 48.8%; \/* Relaci\u00f3n de aspecto 16:9 (ajustable seg\u00fan tu video) *\/||}||||.video-container video {||  position: absolute;||  top: 0;||  left: 0;||  width: 100%;||  height: 100%;||}\u00bb global_colors_info=\u00bb{}\u00bb][et_pb_column type=\u00bb4_4&#8243; _builder_version=\u00bb4.21.0&#8243; _module_preset=\u00bbdefault\u00bb global_colors_info=\u00bb{}\u00bb][et_pb_code _builder_version=\u00bb4.21.0&#8243; _module_preset=\u00bbdefault\u00bb text_orientation=\u00bbcenter\u00bb custom_padding=\u00bb0px|0px|0px|0px|false|false\u00bb custom_css_before=\u00bb.video-container {||  position: relative;||  width: 100%;||  padding-bottom: 76.25%; \/* Relaci\u00f3n de aspecto 16:9 (ajustable seg\u00fan tu video) *\/||}||||.video-container video {||  position: absolute;||  top: 0;||  left: 0;||  width: 100%;||  height: 100%;||}\u00bb custom_css_main_element=\u00bb||\u00bb global_colors_info=\u00bb{}\u00bb]<\/p>\n<div class=\"video-container\"><!-- [et_pb_line_break_holder] -->  <video autoplay loop muted><!-- [et_pb_line_break_holder] --><source src=\"https:\/\/www.pabonrecords.com\/wp-content\/uploads\/2023\/06\/cabezote2.mp4\" type=\"video\/mp4\"><!-- [et_pb_line_break_holder] --><\/video><!-- [et_pb_line_break_holder] --><\/div>\n<p>[\/et_pb_code][\/et_pb_column][\/et_pb_row][\/et_pb_section][et_pb_section fb_built=\u00bb1&#8243; fullwidth=\u00bbon\u00bb _builder_version=\u00bb4.21.0&#8243; _module_preset=\u00bbdefault\u00bb background_color=\u00bb#0c0c0c\u00bb background_enable_pattern_style=\u00bbon\u00bb background_pattern_style=\u00bbinverted-chevrons\u00bb background_pattern_color=\u00bbrgba(224,153,0,0.09)\u00bb background_pattern_size=\u00bbcustom\u00bb background_pattern_width=\u00bb689px\u00bb background_pattern_height=\u00bb184px\u00bb global_colors_info=\u00bb{}\u00bb][\/et_pb_section][et_pb_section fb_built=\u00bb1&#8243; _builder_version=\u00bb4.21.0&#8243; _module_preset=\u00bbdefault\u00bb background_color=\u00bb#000000&#8243; use_background_color_gradient=\u00bbon\u00bb background_color_gradient_stops=\u00bbrgba(255,255,255,0) 76%|#e06100 100%\u00bb background_pattern_horizontal_offset=\u00bb0%\u00bb global_colors_info=\u00bb{%22gcid-8cdb4e16-0e89-4c38-b30b-9fe41127e3f5%22:%91%22background_pattern_color%22%93}\u00bb][et_pb_row _builder_version=\u00bb4.21.0&#8243; _module_preset=\u00bbdefault\u00bb global_colors_info=\u00bb{}\u00bb][et_pb_column type=\u00bb4_4&#8243; _builder_version=\u00bb4.21.0&#8243; _module_preset=\u00bbdefault\u00bb global_colors_info=\u00bb{}\u00bb][et_pb_text _builder_version=\u00bb4.21.0&#8243; _module_preset=\u00bbdefault\u00bb text_font=\u00bbAudiowide|700|||||||\u00bb text_text_color=\u00bb#E09900&#8243; text_font_size=\u00bb27px\u00bb text_letter_spacing=\u00bb1px\u00bb hover_enabled=\u00bb0&#8243; global_colors_info=\u00bb{}\u00bb sticky_enabled=\u00bb0&#8243;]<\/p>\n<p style=\"text-align: center;\"><span>Le damos a tu m\u00fasica, ese toque final para que transmita exactamente lo que necesitas.<\/span><\/p>\n<p>[\/et_pb_text][\/et_pb_column][\/et_pb_row][et_pb_row _builder_version=\u00bb4.21.0&#8243; _module_preset=\u00bbdefault\u00bb global_colors_info=\u00bb{}\u00bb][et_pb_column type=\u00bb4_4&#8243; _builder_version=\u00bb4.21.0&#8243; _module_preset=\u00bbdefault\u00bb global_colors_info=\u00bb{}\u00bb][et_pb_video src=\u00bbhttps:\/\/youtu.be\/XnNmDbOGCJM?si=K8mZK7_s86Uf_x3-\u00bb _builder_version=\u00bb4.21.0&#8243; _module_preset=\u00bbdefault\u00bb hover_enabled=\u00bb0&#8243; global_colors_info=\u00bb{}\u00bb src__hover_enabled=\u00bboff|desktop\u00bb sticky_enabled=\u00bb0&#8243;][\/et_pb_video][\/et_pb_column][\/et_pb_row][\/et_pb_section][et_pb_section fb_built=\u00bb1&#8243; _builder_version=\u00bb4.21.0&#8243; _module_preset=\u00bbdefault\u00bb background_color=\u00bb#000000&#8243; background_image=\u00bbhttps:\/\/www.pabonrecords.com\/wp-content\/uploads\/2023\/06\/borde-lateral-INICIO-min.webp\u00bb custom_padding=\u00bb32px||30px|||\u00bb global_colors_info=\u00bb{}\u00bb][et_pb_row column_structure=\u00bb1_2,1_2&#8243; _builder_version=\u00bb4.21.0&#8243; _module_preset=\u00bbdefault\u00bb global_colors_info=\u00bb{}\u00bb][et_pb_column type=\u00bb1_2&#8243; _builder_version=\u00bb4.21.0&#8243; _module_preset=\u00bbdefault\u00bb global_colors_info=\u00bb{}\u00bb][et_pb_image src=\u00bbhttps:\/\/www.pabonrecords.com\/wp-content\/uploads\/2023\/06\/DISENO-INICIO-min.webp\u00bb title_text=\u00bbDISE\u00d1O-INICIO-min\u00bb _builder_version=\u00bb4.21.0&#8243; _module_preset=\u00bbdefault\u00bb animation_style=\u00bbzoom\u00bb global_colors_info=\u00bb{}\u00bb][\/et_pb_image][\/et_pb_column][et_pb_column type=\u00bb1_2&#8243; _builder_version=\u00bb4.21.0&#8243; _module_preset=\u00bbdefault\u00bb global_colors_info=\u00bb{}\u00bb][et_pb_toggle title=\u00bbQuienes Somos.\u00bb open_toggle_text_color=\u00bb#E09900&#8243; open_toggle_background_color=\u00bbRGBA(255,255,255,0)\u00bb closed_toggle_background_color=\u00bbRGBA(255,255,255,0)\u00bb icon_color=\u00bb#e09900&#8243; toggle_icon=\u00bb&#x3f;||divi||400&#8243; open_icon_color=\u00bb#e09900&#8243; _builder_version=\u00bb4.21.0&#8243; _module_preset=\u00bbdefault\u00bb title_text_color=\u00bb#EDF000&#8243; title_level=\u00bbh3&#8243; title_font=\u00bbAudiowide|700|||||||\u00bb title_text_align=\u00bbleft\u00bb title_font_size=\u00bb48px\u00bb body_font=\u00bbAutour One||||||||\u00bb body_text_color=\u00bb#c1c1c1&#8243; border_color_all=\u00bbRGBA(255,255,255,0)\u00bb text_shadow_style=\u00bbpreset5&#8243; text_shadow_horizontal_length=\u00bb0.27em\u00bb text_shadow_vertical_length=\u00bb0.25em\u00bb text_shadow_color=\u00bb#1e1e1e\u00bb global_colors_info=\u00bb{}\u00bb]<\/p>\n<p style=\"text-align: justify;\">Somos una agencia audiovisual con mas de 18 a\u00f1os de experiencia en el medio, en los cuales nos hemos preocupado permanentemente por evolucionar exponencialmente, certificados de forma profesional en:<\/p>\n<p style=\"text-align: justify;\">Direcci\u00f3n y Producci\u00f3n, de medios audiovisuales para ofrecerle procesos y productos con una est\u00e9tica y narrativa precisa seg\u00fan la intenci\u00f3n a comunicar.<\/p>\n<p style=\"text-align: justify;\">M\u00fasica, lo cual nos brinda el entendimiento de la sensaci\u00f3n a transmitir con su sensibilidad desde\u00a0\u00a0 el lenguaje y los par\u00e1metros que hacen parte de una cosmovisi\u00f3n especial del artista.<\/p>\n<p style=\"text-align: justify;\">Econom\u00eda, lo cual nos involucra constantemente en optimizar los recursos de producci\u00f3n, llev\u00e1ndolos a conseguir resultados beneficiosos con gastos cautos para su inversi\u00f3n.<\/p>\n<p style=\"text-align: justify;\">Marketing estrat\u00e9gico y digital, lo que nos permite hacer la pieza precisa que lleva el mensaje impl\u00edcito, efectivo y que representa sus intereses de manera inmediata.<\/p>\n<p style=\"text-align: justify;\">Por eso, nos hemos convertido en la mejor opci\u00f3n profesional, audiovisual que crea universos con detalle \u00fanico para usted, con calidad y compromiso.<\/p>\n<p>[\/et_pb_toggle][\/et_pb_column][\/et_pb_row][\/et_pb_section][et_pb_section fb_built=\u00bb1&#8243; _builder_version=\u00bb4.21.0&#8243; _module_preset=\u00bbdefault\u00bb background_image=\u00bbhttps:\/\/www.pabonrecords.com\/wp-content\/uploads\/2023\/06\/fondo-1-min.webp\u00bb locked=\u00bboff\u00bb global_colors_info=\u00bb{}\u00bb][et_pb_row column_structure=\u00bb2_5,3_5&#8243; _builder_version=\u00bb4.21.0&#8243; _module_preset=\u00bbdefault\u00bb global_colors_info=\u00bb{}\u00bb][et_pb_column type=\u00bb2_5&#8243; _builder_version=\u00bb4.21.0&#8243; _module_preset=\u00bbdefault\u00bb global_colors_info=\u00bb{}\u00bb][et_pb_image src=\u00bbhttps:\/\/www.pabonrecords.com\/wp-content\/uploads\/2023\/06\/mision-min.webp\u00bb title_text=\u00bbmision-min\u00bb align=\u00bbcenter\u00bb _builder_version=\u00bb4.21.0&#8243; _module_preset=\u00bbdefault\u00bb max_width=\u00bb52%\u00bb animation_style=\u00bbslide\u00bb animation_direction=\u00bbtop\u00bb global_colors_info=\u00bb{}\u00bb][\/et_pb_image][\/et_pb_column][et_pb_column type=\u00bb3_5&#8243; _builder_version=\u00bb4.21.0&#8243; _module_preset=\u00bbdefault\u00bb global_colors_info=\u00bb{}\u00bb][et_pb_blurb title=\u00bbMisi\u00f3n\u00bb _builder_version=\u00bb4.21.0&#8243; _module_preset=\u00bbdefault\u00bb header_font=\u00bb|700|||||||\u00bb header_text_align=\u00bbright\u00bb header_text_color=\u00bb#EDF000&#8243; header_font_size=\u00bb40px\u00bb body_text_color=\u00bb#e0e0e0&#8243; animation_style=\u00bbslide\u00bb animation_direction=\u00bbbottom\u00bb body_text_shadow_style=\u00bbpreset2&#8243; body_text_shadow_horizontal_length=\u00bb0.09em\u00bb body_text_shadow_vertical_length=\u00bb0.09em\u00bb body_text_shadow_blur_strength=\u00bb0.79em\u00bb body_text_shadow_color=\u00bb#140403&#8243; global_colors_info=\u00bb{}\u00bb]<\/p>\n<p style=\"text-align: justify;\">Nuestra misi\u00f3n es ser la empresa l\u00edder en la producci\u00f3n y distribuci\u00f3n de contenido audiovisual en la regi\u00f3n de Nari\u00f1o. Nos comprometemos a brindar la mejor calidad en procesos y productos audiovisuales, utilizando tecnolog\u00eda de vanguardia y capacit\u00e1ndonos constantemente para estar a la altura de las demandas del mercado. Adem\u00e1s, nos enfocamos en apoyar y promover la cultura regional, as\u00ed como impulsar el crecimiento de las peque\u00f1as y medianas empresas a trav\u00e9s de contenido promocional en todas las plataformas.<\/p>\n<p>[\/et_pb_blurb][\/et_pb_column][\/et_pb_row][\/et_pb_section][et_pb_section fb_built=\u00bb1&#8243; _builder_version=\u00bb4.21.0&#8243; _module_preset=\u00bbdefault\u00bb background_image=\u00bbhttps:\/\/www.pabonrecords.com\/wp-content\/uploads\/2023\/06\/fondo-2-min.webp\u00bb custom_padding=\u00bb45px|||||\u00bb locked=\u00bboff\u00bb global_colors_info=\u00bb{}\u00bb][et_pb_row column_structure=\u00bb3_5,2_5&#8243; _builder_version=\u00bb4.21.0&#8243; _module_preset=\u00bbdefault\u00bb global_colors_info=\u00bb{}\u00bb][et_pb_column type=\u00bb3_5&#8243; _builder_version=\u00bb4.21.0&#8243; _module_preset=\u00bbdefault\u00bb global_colors_info=\u00bb{}\u00bb][et_pb_blurb title=\u00bbVisi\u00f3n\u00bb _builder_version=\u00bb4.21.0&#8243; _module_preset=\u00bbdefault\u00bb header_font=\u00bb|700|||||||\u00bb header_text_align=\u00bbright\u00bb header_text_color=\u00bb#EDF000&#8243; header_font_size=\u00bb40px\u00bb body_text_color=\u00bb#e0e0e0&#8243; animation_style=\u00bbslide\u00bb animation_direction=\u00bbtop\u00bb body_text_shadow_style=\u00bbpreset1&#8243; body_text_shadow_vertical_length=\u00bb-0.07em\u00bb body_text_shadow_blur_strength=\u00bb1.03em\u00bb body_text_shadow_color=\u00bb#190101&#8243; text_shadow_style=\u00bbpreset2&#8243; text_shadow_vertical_length=\u00bb-0.11em\u00bb text_shadow_blur_strength=\u00bb0.97em\u00bb text_shadow_color=\u00bbrgba(20,20,20,0.89)\u00bb global_colors_info=\u00bb{}\u00bb]<\/p>\n<p style=\"text-align: justify;\">Nuestra visi\u00f3n es ser reconocidos como referentes en el sector audiovisual, destac\u00e1ndonos por nuestra excelencia en la producci\u00f3n y distribuci\u00f3n de contenido de alta calidad. Buscamos ser una empresa innovadora y creativa, siempre a la vanguardia de las tendencias y necesidades del target objetivo, para satisfacer las expectativas de nuestros clientes y superarlas. Aspiramos a seguir creciendo y expandiendo nuestro alcance, consolid\u00e1ndonos como una empresa s\u00f3lida y confiable en el mercado nacional e internacional.<\/p>\n<p>[\/et_pb_blurb][\/et_pb_column][et_pb_column type=\u00bb2_5&#8243; _builder_version=\u00bb4.21.0&#8243; _module_preset=\u00bbdefault\u00bb global_colors_info=\u00bb{}\u00bb][et_pb_image src=\u00bbhttps:\/\/www.pabonrecords.com\/wp-content\/uploads\/2023\/06\/vision-min.webp\u00bb title_text=\u00bbvision-min\u00bb align=\u00bbcenter\u00bb _builder_version=\u00bb4.21.0&#8243; _module_preset=\u00bbdefault\u00bb max_width=\u00bb52%\u00bb custom_margin=\u00bb52px||||false|false\u00bb animation_style=\u00bbslide\u00bb animation_direction=\u00bbbottom\u00bb global_colors_info=\u00bb{}\u00bb][\/et_pb_image][\/et_pb_column][\/et_pb_row][\/et_pb_section]<\/p>\n","protected":false},"excerpt":{"rendered":"<p>Le damos a tu m\u00fasica, ese toque final para que transmita exactamente lo que necesitas.Somos una agencia audiovisual con mas de 18 a\u00f1os de experiencia en el medio, en los cuales nos hemos preocupado permanentemente por evolucionar exponencialmente, certificados de forma profesional en: Direcci\u00f3n y Producci\u00f3n, de medios audiovisuales para ofrecerle procesos y productos con [&hellip;]<\/p>\n","protected":false},"author":1,"featured_media":0,"parent":0,"menu_order":0,"comment_status":"closed","ping_status":"closed","template":"","meta":{"_et_pb_use_builder":"on","_et_pb_old_content":"","_et_gb_content_width":"","_monsterinsights_skip_tracking":false,"_monsterinsights_sitenote_active":false,"_monsterinsights_sitenote_note":"","_monsterinsights_sitenote_category":0,"footnotes":""},"class_list":["post-5","page","type-page","status-publish","hentry"],"_links":{"self":[{"href":"https:\/\/www.pabonrecords.com\/index.php\/wp-json\/wp\/v2\/pages\/5","targetHints":{"allow":["GET"]}}],"collection":[{"href":"https:\/\/www.pabonrecords.com\/index.php\/wp-json\/wp\/v2\/pages"}],"about":[{"href":"https:\/\/www.pabonrecords.com\/index.php\/wp-json\/wp\/v2\/types\/page"}],"author":[{"embeddable":true,"href":"https:\/\/www.pabonrecords.com\/index.php\/wp-json\/wp\/v2\/users\/1"}],"replies":[{"embeddable":true,"href":"https:\/\/www.pabonrecords.com\/index.php\/wp-json\/wp\/v2\/comments?post=5"}],"version-history":[{"count":124,"href":"https:\/\/www.pabonrecords.com\/index.php\/wp-json\/wp\/v2\/pages\/5\/revisions"}],"predecessor-version":[{"id":757,"href":"https:\/\/www.pabonrecords.com\/index.php\/wp-json\/wp\/v2\/pages\/5\/revisions\/757"}],"wp:attachment":[{"href":"https:\/\/www.pabonrecords.com\/index.php\/wp-json\/wp\/v2\/media?parent=5"}],"curies":[{"name":"wp","href":"https:\/\/api.w.org\/{rel}","templated":true}]}}